{"id":126,"date":"2026-04-18T12:46:59","date_gmt":"2026-04-18T12:46:59","guid":{"rendered":"https:\/\/visiondeexito.com\/andrescorp\/?post_type=product&#038;p=126"},"modified":"2026-04-22T15:26:32","modified_gmt":"2026-04-22T15:26:32","slug":"exterminador-de-hongos","status":"publish","type":"product","link":"https:\/\/visiondeexito.com\/andrescorp\/producto\/exterminador-de-hongos\/","title":{"rendered":"Exterminador de Hongos"},"content":{"rendered":"<h2 data-section-id=\"1dt1ghc\" data-start=\"96\" data-end=\"130\"><span role=\"text\">\ud83e\uddf4 <strong data-start=\"102\" data-end=\"128\">EXTERMINADOR DE HONGOS<\/strong><\/span><\/h2>\n<p data-start=\"131\" data-end=\"185\"><strong data-start=\"131\" data-end=\"183\">Experto en la eliminaci\u00f3n de todo tipo de hongos<\/strong><\/p>\n<p data-start=\"187\" data-end=\"207\"><strong data-start=\"187\" data-end=\"207\">Solo uso externo<\/strong><\/p>\n<hr data-start=\"209\" data-end=\"212\" \/>\n<h2 data-section-id=\"196m9m9\" data-start=\"214\" data-end=\"237\"><span role=\"text\">\ud83d\udcc4 <strong data-start=\"220\" data-end=\"235\">DESCRIPCI\u00d3N<\/strong><\/span><\/h2>\n<p data-start=\"238\" data-end=\"615\">El exterminador elimina todo tipo de hongos causados por diversos microorganismos que deforman la textura y coloraci\u00f3n de las u\u00f1as en los pies y manos. Adem\u00e1s, elimina los hongos en la piel conocidos como micosis, ocasionados por mala higiene o contagio que generalmente se dan en algunas barber\u00edas, de tal forma que puede resultar muy molesto y afectar su apariencia f\u00edsica.<\/p>\n<p data-start=\"617\" data-end=\"775\">Asimismo, elimina el sudor, mal olor, la transpiraci\u00f3n, los saba\u00f1ones, seca los callos, elimina la onicomicosis, el escozor, descamaci\u00f3n y el pie de atleta.<\/p>\n<p data-start=\"777\" data-end=\"840\">Despu\u00e9s de unos d\u00edas tendr\u00e1s un resultado que te sorprender\u00e1.<\/p>\n<hr data-start=\"842\" data-end=\"845\" \/>\n<h2 data-section-id=\"tw0znc\" data-start=\"847\" data-end=\"891\"><span role=\"text\">\ud83e\uddea <strong data-start=\"853\" data-end=\"868\">MODO DE USO<\/strong> <em data-start=\"869\" data-end=\"889\">(Solo uso externo)<\/em><\/span><\/h2>\n<ul data-start=\"893\" data-end=\"1228\">\n<li data-section-id=\"1lyhhy\" data-start=\"893\" data-end=\"973\">Para los hongos en los pies use el spray cada 5 d\u00edas y evite su exageraci\u00f3n.<\/li>\n<li data-section-id=\"1y7ukb1\" data-start=\"974\" data-end=\"1060\">Para la onicomicosis en las u\u00f1as de los pies y manos aplique el spray cada 2 d\u00edas.<\/li>\n<li data-section-id=\"xbgvtp\" data-start=\"1061\" data-end=\"1130\">Para hongos en la cabeza aplique en la zona afectada cada 7 d\u00edas.<\/li>\n<li data-section-id=\"tygw2s\" data-start=\"1131\" data-end=\"1228\">Para acelerar la regeneraci\u00f3n de una nueva piel se recomienda remojar los pies en agua tibia.<\/li>\n<\/ul>\n<hr data-start=\"1230\" data-end=\"1233\" \/>\n<h2 data-section-id=\"1lt97ce\" data-start=\"1235\" data-end=\"1261\"><span role=\"text\">\ud83d\udccd <strong data-start=\"1241\" data-end=\"1259\">INDICADO PARA:<\/strong><\/span><\/h2>\n<ul data-start=\"1262\" data-end=\"1332\">\n<li data-section-id=\"4g3apa\" data-start=\"1262\" data-end=\"1284\">Hongos en los pies<\/li>\n<li data-section-id=\"176yk41\" data-start=\"1285\" data-end=\"1308\">Hongos en las manos<\/li>\n<li data-section-id=\"126nwyq\" data-start=\"1309\" data-end=\"1332\">Hongos en la cabeza<\/li>\n<\/ul>\n<hr data-start=\"1334\" data-end=\"1337\" \/>\n<h2 data-section-id=\"xqnuvh\" data-start=\"1339\" data-end=\"1364\"><span role=\"text\">\u2705 <strong data-start=\"1344\" data-end=\"1362\">MENSAJE FINAL:<\/strong><\/span><\/h2>\n<p data-start=\"1365\" data-end=\"1441\">\u00a1Use, compruebe y mejore su apariencia!<br data-start=\"1404\" data-end=\"1407\" \/><strong data-start=\"1407\" data-end=\"1439\">No causa efectos secundarios<\/strong><\/p>\n<hr data-start=\"1443\" data-end=\"1446\" \/>\n<h2 data-section-id=\"17wapcg\" data-start=\"1448\" data-end=\"1483\"><span role=\"text\">\ud83c\udff7\ufe0f <strong data-start=\"1455\" data-end=\"1481\">DETALLES DEL PRODUCTO:<\/strong><\/span><\/h2>\n<ul data-start=\"1484\" data-end=\"1603\">\n<li data-section-id=\"1kz2o19\" data-start=\"1484\" data-end=\"1510\">Contenido Neto: 100 ml<\/li>\n<li data-section-id=\"uz7u76\" data-start=\"1511\" data-end=\"1530\">Lote: 20260324A<\/li>\n<li data-section-id=\"1iou28m\" data-start=\"1531\" data-end=\"1556\">Vencimiento: 24-03-31<\/li>\n<li data-section-id=\"1y5jsmi\" data-start=\"1557\" data-end=\"1577\">100% Garantizado<\/li>\n<li data-section-id=\"8eg8sv\" data-start=\"1578\" data-end=\"1603\">Hecho en Bolivia \ud83c\udde7\ud83c\uddf4<\/li>\n<\/ul>\n","protected":false},"excerpt":{"rendered":"<p data-start=\"131\" data-end=\"185\"><strong data-start=\"131\" data-end=\"183\">Experto en la eliminaci\u00f3n de todo tipo de hongos<\/strong><\/p>\n<p data-start=\"187\" data-end=\"207\"><strong data-start=\"187\" data-end=\"207\">Solo uso externo<\/strong><\/p>\n","protected":false},"featured_media":115,"template":"","meta":{"site-sidebar-layout":"no-sidebar","site-content-layout":"","ast-site-content-layout":"full-width-container","site-content-style":"default","site-sidebar-style":"default","ast-global-header-display":"","ast-banner-title-visibility":"","ast-main-header-display":"","ast-hfb-above-header-display":"","ast-hfb-below-header-display":"","ast-hfb-mobile-header-display":"","site-post-title":"","ast-breadcrumbs-content":"","ast-featured-img":"","footer-sml-layout":"","ast-disable-related-posts":"","theme-transparent-header-meta":"default","adv-header-id-meta":"","stick-header-meta":"","header-above-stick-meta":"","header-main-stick-meta":"","header-below-stick-meta":"","astra-migrate-meta-layouts":"set","ast-page-background-enabled":"default","ast-page-background-meta":{"desktop":{"background-color":"var(--ast-global-color-5)","background-image":"","background-repeat":"repeat","background-position":"center center","background-size":"auto","background-attachment":"scroll","background-type":"","background-media":"","overlay-type":"","overlay-color":"","overlay-opacity":"","overlay-gradient":""},"tablet":{"background-color":"","background-image":"","background-repeat":"repeat","background-position":"center center","background-size":"auto","background-attachment":"scroll","background-type":"","background-media":"","overlay-type":"","overlay-color":"","overlay-opacity":"","overlay-gradient":""},"mobile":{"background-color":"","background-image":"","background-repeat":"repeat","background-position":"center center","background-size":"auto","background-attachment":"scroll","background-type":"","background-media":"","overlay-type":"","overlay-color":"","overlay-opacity":"","overlay-gradient":""}},"ast-content-background-meta":{"desktop":{"background-color":"var(--ast-global-color-4)","background-image":"","background-repeat":"repeat","background-position":"center center","background-size":"auto","background-attachment":"scroll","background-type":"","background-media":"","overlay-type":"","overlay-color":"","overlay-opacity":"","overlay-gradient":""},"tablet":{"background-color":"var(--ast-global-color-4)","background-image":"","background-repeat":"repeat","background-position":"center center","background-size":"auto","background-attachment":"scroll","background-type":"","background-media":"","overlay-type":"","overlay-color":"","overlay-opacity":"","overlay-gradient":""},"mobile":{"background-color":"var(--ast-global-color-4)","background-image":"","background-repeat":"repeat","background-position":"center center","background-size":"auto","background-attachment":"scroll","background-type":"","background-media":"","overlay-type":"","overlay-color":"","overlay-opacity":"","overlay-gradient":""}}},"product_brand":[],"product_cat":[20],"product_tag":[],"class_list":{"0":"post-126","1":"product","2":"type-product","3":"status-publish","4":"has-post-thumbnail","6":"product_cat-sin-categorizar","7":"desktop-align-left","8":"tablet-align-left","9":"mobile-align-left","11":"first","12":"instock","13":"shipping-taxable","14":"purchasable","15":"product-type-simple"},"_links":{"self":[{"href":"https:\/\/visiondeexito.com\/andrescorp\/wp-json\/wp\/v2\/product\/126","targetHints":{"allow":["GET"]}}],"collection":[{"href":"https:\/\/visiondeexito.com\/andrescorp\/wp-json\/wp\/v2\/product"}],"about":[{"href":"https:\/\/visiondeexito.com\/andrescorp\/wp-json\/wp\/v2\/types\/product"}],"wp:featuredmedia":[{"embeddable":true,"href":"https:\/\/visiondeexito.com\/andrescorp\/wp-json\/wp\/v2\/media\/115"}],"wp:attachment":[{"href":"https:\/\/visiondeexito.com\/andrescorp\/wp-json\/wp\/v2\/media?parent=126"}],"wp:term":[{"taxonomy":"product_brand","embeddable":true,"href":"https:\/\/visiondeexito.com\/andrescorp\/wp-json\/wp\/v2\/product_brand?post=126"},{"taxonomy":"product_cat","embeddable":true,"href":"https:\/\/visiondeexito.com\/andrescorp\/wp-json\/wp\/v2\/product_cat?post=126"},{"taxonomy":"product_tag","embeddable":true,"href":"https:\/\/visiondeexito.com\/andrescorp\/wp-json\/wp\/v2\/product_tag?post=126"}],"curies":[{"name":"wp","href":"https:\/\/api.w.org\/{rel}","templated":true}]}}